{"id":1214,"date":"2023-04-18T08:17:02","date_gmt":"2023-04-18T08:17:02","guid":{"rendered":"https:\/\/oportoguias.com\/tour-a-pie-por-la-ribera-del-duero-grupos-pequenos-ingles\/"},"modified":"2023-05-30T19:00:41","modified_gmt":"2023-05-30T19:00:41","slug":"tour-a-pie-por-la-ribera-del-duero-grupos-pequenos-ingles","status":"publish","type":"page","link":"https:\/\/oportoguias.com\/en\/tour-a-pie-por-la-ribera-del-duero-grupos-pequenos-ingles\/","title":{"rendered":"Walking Tour of the Douro River (Small-groups)"},"content":{"rendered":"\t\t<div data-elementor-type=\"wp-page\" data-elementor-id=\"1214\" class=\"elementor elementor-1214 elementor-1205\" data-elementor-post-type=\"page\">\n\t\t\t\t\t\t<section class=\"elementor-section elementor-top-section elementor-element elementor-element-0ed11ef elementor-section-boxed elementor-section-height-default elementor-section-height-default\" data-id=\"0ed11ef\" data-element_type=\"section\" data-e-type=\"section\">\n\t\t\t\t\t\t<div class=\"elementor-container elementor-column-gap-default\">\n\t\t\t\t\t<div class=\"elementor-column elementor-col-100 elementor-top-column elementor-element elementor-element-b13ced2\" data-id=\"b13ced2\" data-element_type=\"column\" data-e-type=\"column\">\n\t\t\t<div class=\"elementor-widget-wrap elementor-element-populated\">\n\t\t\t\t\t\t<div class=\"elementor-element elementor-element-28b632e elementor-widget elementor-widget-html\" data-id=\"28b632e\" data-element_type=\"widget\" data-e-type=\"widget\" data-widget_type=\"html.default\">\n\t\t\t\t<div class=\"elementor-widget-container\">\n\t\t\t\t\t<script type=\"text\/javascript\" src=\"https:\/\/widgets.bokun.io\/assets\/javascripts\/apps\/build\/BokunWidgetsLoader.js?bookingChannelUUID=c161622b-ec0f-4a1d-a3ae-398b7f5329f0\" async><\/script>\r\n     \r\n    <div class=\"bokunWidget\" data-src=\"https:\/\/widgets.bokun.io\/online-sales\/c161622b-ec0f-4a1d-a3ae-398b7f5329f0\/experience\/755320\"><\/div>\r\n    <noscript>Please enable javascript in your browser to book<\/noscript>\t\t\t\t<\/div>\n\t\t\t\t<\/div>\n\t\t\t\t\t<\/div>\n\t\t<\/div>\n\t\t\t\t\t<\/div>\n\t\t<\/section>\n\t\t\t\t<\/div>\n\t\t","protected":false},"excerpt":{"rendered":"<p>Please enable javascript in your browser to book<\/p>\n","protected":false},"author":1,"featured_media":0,"parent":0,"menu_order":0,"comment_status":"closed","ping_status":"closed","template":"","meta":{"_joinchat":[],"footnotes":""},"class_list":["post-1214","page","type-page","status-publish","hentry"],"yoast_head":"<!-- This site is optimized with the Yoast SEO plugin v27.4 - https:\/\/yoast.com\/product\/yoast-seo-wordpress\/ -->\n<title>Walking Tour of the Douro River | Porto Guides &amp; Tours<\/title>\n<meta name=\"description\" content=\"Oporto is beautiful and on the banks of the Douro is captivating and fascinating, discover it in our tour of the Ribeira do Douro.\" \/>\n<meta name=\"robots\" content=\"index, follow, max-snippet:-1, max-image-preview:large, max-video-preview:-1\" \/>\n<link rel=\"canonical\" href=\"https:\/\/oportoguias.com\/en\/tour-a-pie-por-la-ribera-del-duero-grupos-pequenos-ingles\/\" \/>\n<meta property=\"og:locale\" content=\"en_US\" \/>\n<meta property=\"og:type\" content=\"article\" \/>\n<meta property=\"og:title\" content=\"Walking Tour of the Douro River | Porto Guides &amp; Tours\" \/>\n<meta property=\"og:description\" content=\"Oporto is beautiful and on the banks of the Douro is captivating and fascinating, discover it in our tour of the Ribeira do Douro.\" \/>\n<meta property=\"og:url\" content=\"https:\/\/oportoguias.com\/en\/tour-a-pie-por-la-ribera-del-duero-grupos-pequenos-ingles\/\" \/>\n<meta property=\"og:site_name\" content=\"Oporto Gu\u00edas y Tours\" \/>\n<meta property=\"article:publisher\" content=\"https:\/\/www.facebook.com\/oportoguias\" \/>\n<meta property=\"article:modified_time\" content=\"2023-05-30T19:00:41+00:00\" \/>\n<meta property=\"og:image\" content=\"https:\/\/oportoguias.com\/wp-content\/uploads\/2023\/04\/Centro-de-Oporto.jpg\" \/>\n<meta name=\"twitter:card\" content=\"summary_large_image\" \/>\n<meta name=\"twitter:image\" content=\"https:\/\/oportoguias.com\/wp-content\/uploads\/2023\/04\/Centro-de-Oporto.jpg\" \/>\n<meta name=\"twitter:site\" content=\"@AmsterdamGuias\" \/>\n<script type=\"application\/ld+json\" class=\"yoast-schema-graph\">{\"@context\":\"https:\\\/\\\/schema.org\",\"@graph\":[{\"@type\":\"WebPage\",\"@id\":\"https:\\\/\\\/oportoguias.com\\\/en\\\/tour-a-pie-por-la-ribera-del-duero-grupos-pequenos-ingles\\\/\",\"url\":\"https:\\\/\\\/oportoguias.com\\\/en\\\/tour-a-pie-por-la-ribera-del-duero-grupos-pequenos-ingles\\\/\",\"name\":\"Walking Tour of the Douro River | Porto Guides & Tours\",\"isPartOf\":{\"@id\":\"https:\\\/\\\/oportoguias.com\\\/en\\\/#website\"},\"datePublished\":\"2023-04-18T08:17:02+00:00\",\"dateModified\":\"2023-05-30T19:00:41+00:00\",\"description\":\"Oporto is beautiful and on the banks of the Douro is captivating and fascinating, discover it in our tour of the Ribeira do Douro.\",\"breadcrumb\":{\"@id\":\"https:\\\/\\\/oportoguias.com\\\/en\\\/tour-a-pie-por-la-ribera-del-duero-grupos-pequenos-ingles\\\/#breadcrumb\"},\"inLanguage\":\"en-US\",\"potentialAction\":[{\"@type\":\"ReadAction\",\"target\":[\"https:\\\/\\\/oportoguias.com\\\/en\\\/tour-a-pie-por-la-ribera-del-duero-grupos-pequenos-ingles\\\/\"]}]},{\"@type\":\"BreadcrumbList\",\"@id\":\"https:\\\/\\\/oportoguias.com\\\/en\\\/tour-a-pie-por-la-ribera-del-duero-grupos-pequenos-ingles\\\/#breadcrumb\",\"itemListElement\":[{\"@type\":\"ListItem\",\"position\":1,\"name\":\"Portada\",\"item\":\"https:\\\/\\\/oportoguias.com\\\/en\\\/\"},{\"@type\":\"ListItem\",\"position\":2,\"name\":\"Walking Tour of the Douro River (Small-groups)\"}]},{\"@type\":\"WebSite\",\"@id\":\"https:\\\/\\\/oportoguias.com\\\/en\\\/#website\",\"url\":\"https:\\\/\\\/oportoguias.com\\\/en\\\/\",\"name\":\"Oporto Gu\u00edas y Tours\",\"description\":\"Oporto Gu\u00edas y Tours en espa\u00f1ol ofrece experiencias y actividades para disfrutar al m\u00e1ximo la ciudad durante tu visita\",\"publisher\":{\"@id\":\"https:\\\/\\\/oportoguias.com\\\/en\\\/#organization\"},\"potentialAction\":[{\"@type\":\"SearchAction\",\"target\":{\"@type\":\"EntryPoint\",\"urlTemplate\":\"https:\\\/\\\/oportoguias.com\\\/en\\\/?s={search_term_string}\"},\"query-input\":{\"@type\":\"PropertyValueSpecification\",\"valueRequired\":true,\"valueName\":\"search_term_string\"}}],\"inLanguage\":\"en-US\"},{\"@type\":\"Organization\",\"@id\":\"https:\\\/\\\/oportoguias.com\\\/en\\\/#organization\",\"name\":\"Oporto Gu\u00edas y Tours\",\"url\":\"https:\\\/\\\/oportoguias.com\\\/en\\\/\",\"logo\":{\"@type\":\"ImageObject\",\"inLanguage\":\"en-US\",\"@id\":\"https:\\\/\\\/oportoguias.com\\\/en\\\/#\\\/schema\\\/logo\\\/image\\\/\",\"url\":\"https:\\\/\\\/oportoguias.com\\\/wp-content\\\/uploads\\\/2022\\\/09\\\/Logo-horizontal-AGT-def-oporto_esp-1.jpg\",\"contentUrl\":\"https:\\\/\\\/oportoguias.com\\\/wp-content\\\/uploads\\\/2022\\\/09\\\/Logo-horizontal-AGT-def-oporto_esp-1.jpg\",\"width\":400,\"height\":120,\"caption\":\"Oporto Gu\u00edas y Tours\"},\"image\":{\"@id\":\"https:\\\/\\\/oportoguias.com\\\/en\\\/#\\\/schema\\\/logo\\\/image\\\/\"},\"sameAs\":[\"https:\\\/\\\/www.facebook.com\\\/oportoguias\",\"https:\\\/\\\/x.com\\\/AmsterdamGuias\",\"https:\\\/\\\/www.youtube.com\\\/channel\\\/UCZk3bP991BpbU5hXyqwT7yQ\",\"https:\\\/\\\/www.linkedin.com\\\/company\\\/guias-tours\\\/\",\"https:\\\/\\\/www.instagram.com\\\/oportoguias\\\/\",\"https:\\\/\\\/wa.me\\\/31689937548\"]}]}<\/script>\n<!-- \/ Yoast SEO plugin. -->","yoast_head_json":{"title":"Walking Tour of the Douro River | Porto Guides & Tours","description":"Oporto is beautiful and on the banks of the Douro is captivating and fascinating, discover it in our tour of the Ribeira do Douro.","robots":{"index":"index","follow":"follow","max-snippet":"max-snippet:-1","max-image-preview":"max-image-preview:large","max-video-preview":"max-video-preview:-1"},"canonical":"https:\/\/oportoguias.com\/en\/tour-a-pie-por-la-ribera-del-duero-grupos-pequenos-ingles\/","og_locale":"en_US","og_type":"article","og_title":"Walking Tour of the Douro River | Porto Guides & Tours","og_description":"Oporto is beautiful and on the banks of the Douro is captivating and fascinating, discover it in our tour of the Ribeira do Douro.","og_url":"https:\/\/oportoguias.com\/en\/tour-a-pie-por-la-ribera-del-duero-grupos-pequenos-ingles\/","og_site_name":"Oporto Gu\u00edas y Tours","article_publisher":"https:\/\/www.facebook.com\/oportoguias","article_modified_time":"2023-05-30T19:00:41+00:00","og_image":[{"url":"https:\/\/oportoguias.com\/wp-content\/uploads\/2023\/04\/Centro-de-Oporto.jpg","type":"","width":"","height":""}],"twitter_card":"summary_large_image","twitter_image":"https:\/\/oportoguias.com\/wp-content\/uploads\/2023\/04\/Centro-de-Oporto.jpg","twitter_site":"@AmsterdamGuias","schema":{"@context":"https:\/\/schema.org","@graph":[{"@type":"WebPage","@id":"https:\/\/oportoguias.com\/en\/tour-a-pie-por-la-ribera-del-duero-grupos-pequenos-ingles\/","url":"https:\/\/oportoguias.com\/en\/tour-a-pie-por-la-ribera-del-duero-grupos-pequenos-ingles\/","name":"Walking Tour of the Douro River | Porto Guides & Tours","isPartOf":{"@id":"https:\/\/oportoguias.com\/en\/#website"},"datePublished":"2023-04-18T08:17:02+00:00","dateModified":"2023-05-30T19:00:41+00:00","description":"Oporto is beautiful and on the banks of the Douro is captivating and fascinating, discover it in our tour of the Ribeira do Douro.","breadcrumb":{"@id":"https:\/\/oportoguias.com\/en\/tour-a-pie-por-la-ribera-del-duero-grupos-pequenos-ingles\/#breadcrumb"},"inLanguage":"en-US","potentialAction":[{"@type":"ReadAction","target":["https:\/\/oportoguias.com\/en\/tour-a-pie-por-la-ribera-del-duero-grupos-pequenos-ingles\/"]}]},{"@type":"BreadcrumbList","@id":"https:\/\/oportoguias.com\/en\/tour-a-pie-por-la-ribera-del-duero-grupos-pequenos-ingles\/#breadcrumb","itemListElement":[{"@type":"ListItem","position":1,"name":"Portada","item":"https:\/\/oportoguias.com\/en\/"},{"@type":"ListItem","position":2,"name":"Walking Tour of the Douro River (Small-groups)"}]},{"@type":"WebSite","@id":"https:\/\/oportoguias.com\/en\/#website","url":"https:\/\/oportoguias.com\/en\/","name":"Oporto Gu\u00edas y Tours","description":"Oporto Gu\u00edas y Tours en espa\u00f1ol ofrece experiencias y actividades para disfrutar al m\u00e1ximo la ciudad durante tu visita","publisher":{"@id":"https:\/\/oportoguias.com\/en\/#organization"},"potentialAction":[{"@type":"SearchAction","target":{"@type":"EntryPoint","urlTemplate":"https:\/\/oportoguias.com\/en\/?s={search_term_string}"},"query-input":{"@type":"PropertyValueSpecification","valueRequired":true,"valueName":"search_term_string"}}],"inLanguage":"en-US"},{"@type":"Organization","@id":"https:\/\/oportoguias.com\/en\/#organization","name":"Oporto Gu\u00edas y Tours","url":"https:\/\/oportoguias.com\/en\/","logo":{"@type":"ImageObject","inLanguage":"en-US","@id":"https:\/\/oportoguias.com\/en\/#\/schema\/logo\/image\/","url":"https:\/\/oportoguias.com\/wp-content\/uploads\/2022\/09\/Logo-horizontal-AGT-def-oporto_esp-1.jpg","contentUrl":"https:\/\/oportoguias.com\/wp-content\/uploads\/2022\/09\/Logo-horizontal-AGT-def-oporto_esp-1.jpg","width":400,"height":120,"caption":"Oporto Gu\u00edas y Tours"},"image":{"@id":"https:\/\/oportoguias.com\/en\/#\/schema\/logo\/image\/"},"sameAs":["https:\/\/www.facebook.com\/oportoguias","https:\/\/x.com\/AmsterdamGuias","https:\/\/www.youtube.com\/channel\/UCZk3bP991BpbU5hXyqwT7yQ","https:\/\/www.linkedin.com\/company\/guias-tours\/","https:\/\/www.instagram.com\/oportoguias\/","https:\/\/wa.me\/31689937548"]}]}},"_links":{"self":[{"href":"https:\/\/oportoguias.com\/en\/wp-json\/wp\/v2\/pages\/1214","targetHints":{"allow":["GET"]}}],"collection":[{"href":"https:\/\/oportoguias.com\/en\/wp-json\/wp\/v2\/pages"}],"about":[{"href":"https:\/\/oportoguias.com\/en\/wp-json\/wp\/v2\/types\/page"}],"author":[{"embeddable":true,"href":"https:\/\/oportoguias.com\/en\/wp-json\/wp\/v2\/users\/1"}],"replies":[{"embeddable":true,"href":"https:\/\/oportoguias.com\/en\/wp-json\/wp\/v2\/comments?post=1214"}],"version-history":[{"count":0,"href":"https:\/\/oportoguias.com\/en\/wp-json\/wp\/v2\/pages\/1214\/revisions"}],"wp:attachment":[{"href":"https:\/\/oportoguias.com\/en\/wp-json\/wp\/v2\/media?parent=1214"}],"curies":[{"name":"wp","href":"https:\/\/api.w.org\/{rel}","templated":true}]}}