{"id":1547,"date":"2024-07-18T11:16:04","date_gmt":"2024-07-18T11:16:04","guid":{"rendered":"https:\/\/oportoguias.com\/from-porto-to-other-cities\/"},"modified":"2024-12-16T11:22:27","modified_gmt":"2024-12-16T11:22:27","slug":"from-porto-to-other-cities","status":"publish","type":"page","link":"https:\/\/oportoguias.com\/en\/from-porto-to-other-cities\/","title":{"rendered":"From Porto to other cities"},"content":{"rendered":"\t\t<div data-elementor-type=\"wp-page\" data-elementor-id=\"1547\" class=\"elementor elementor-1547 elementor-1538\" data-elementor-post-type=\"page\">\n\t\t\t\t<div class=\"elementor-element elementor-element-6104356 e-con-full e-flex e-con e-parent\" data-id=\"6104356\" data-element_type=\"container\" data-e-type=\"container\" data-settings=\"{&quot;background_background&quot;:&quot;classic&quot;}\">\n\t\t\t\t<\/div>\n\t\t<div class=\"elementor-element elementor-element-2d90d2f e-flex e-con-boxed e-con e-parent\" data-id=\"2d90d2f\" data-element_type=\"container\" data-e-type=\"container\">\n\t\t\t\t\t<div class=\"e-con-inner\">\n\t\t\t\t<div class=\"elementor-element elementor-element-a9c20d1 elementor-widget elementor-widget-html\" data-id=\"a9c20d1\" data-element_type=\"widget\" data-e-type=\"widget\" data-widget_type=\"html.default\">\n\t\t\t\t<div class=\"elementor-widget-container\">\n\t\t\t\t\t<script type=\"text\/javascript\" src=\"https:\/\/widgets.bokun.io\/assets\/javascripts\/apps\/build\/BokunWidgetsLoader.js?bookingChannelUUID=c161622b-ec0f-4a1d-a3ae-398b7f5329f0\" async><\/script>\r\n     \r\n    <div class=\"bokunWidget\" data-src=\"https:\/\/widgets.bokun.io\/online-sales\/c161622b-ec0f-4a1d-a3ae-398b7f5329f0\/product-list\/78805\"><\/div>\r\n    <noscript>Please enable javascript in your browser to book<\/noscript>\r\n\t\t\t\t<\/div>\n\t\t\t\t<\/div>\n\t\t\t\t\t<\/div>\n\t\t\t\t<\/div>\n\t\t\t\t<\/div>\n\t\t","protected":false},"excerpt":{"rendered":"<p>Please enable javascript in your browser to book<\/p>\n","protected":false},"author":1,"featured_media":0,"parent":0,"menu_order":0,"comment_status":"closed","ping_status":"closed","template":"","meta":{"_joinchat":[],"footnotes":""},"class_list":["post-1547","page","type-page","status-publish","hentry"],"yoast_head":"<!-- This site is optimized with the Yoast SEO plugin v27.3 - https:\/\/yoast.com\/product\/yoast-seo-wordpress\/ -->\n<title>From Porto to other Portuguese cities | Porto Guides &amp;. Tours<\/title>\n<meta name=\"description\" content=\"Travel from Porto to other Portuguese cities and, enjoy an amazing private tour or small-groups daily tours with our team\" \/>\n<meta name=\"robots\" content=\"index, follow, max-snippet:-1, max-image-preview:large, max-video-preview:-1\" \/>\n<link rel=\"canonical\" href=\"https:\/\/oportoguias.com\/en\/from-porto-to-other-cities\/\" \/>\n<meta property=\"og:locale\" content=\"en_US\" \/>\n<meta property=\"og:type\" content=\"article\" \/>\n<meta property=\"og:title\" content=\"From Porto to other Portuguese cities | Porto Guides &amp;. Tours\" \/>\n<meta property=\"og:description\" content=\"Travel from Porto to other Portuguese cities and, enjoy an amazing private tour or small-groups daily tours with our team\" \/>\n<meta property=\"og:url\" content=\"https:\/\/oportoguias.com\/en\/from-porto-to-other-cities\/\" \/>\n<meta property=\"og:site_name\" content=\"Oporto Gu\u00edas y Tours\" \/>\n<meta property=\"article:publisher\" content=\"https:\/\/www.facebook.com\/oportoguias\" \/>\n<meta property=\"article:modified_time\" content=\"2024-12-16T11:22:27+00:00\" \/>\n<meta property=\"og:image\" content=\"https:\/\/oportoguias.com\/wp-content\/uploads\/2024\/01\/Braga-300x300.jpg\" \/>\n<meta name=\"twitter:card\" content=\"summary_large_image\" \/>\n<meta name=\"twitter:image\" content=\"https:\/\/oportoguias.com\/wp-content\/uploads\/2024\/01\/Gimaraes.jpg\" \/>\n<meta name=\"twitter:site\" content=\"@AmsterdamGuias\" \/>\n<script type=\"application\/ld+json\" class=\"yoast-schema-graph\">{\"@context\":\"https:\\\/\\\/schema.org\",\"@graph\":[{\"@type\":\"WebPage\",\"@id\":\"https:\\\/\\\/oportoguias.com\\\/en\\\/from-porto-to-other-cities\\\/\",\"url\":\"https:\\\/\\\/oportoguias.com\\\/en\\\/from-porto-to-other-cities\\\/\",\"name\":\"From Porto to other Portuguese cities | Porto Guides &. Tours\",\"isPartOf\":{\"@id\":\"https:\\\/\\\/oportoguias.com\\\/en\\\/#website\"},\"datePublished\":\"2024-07-18T11:16:04+00:00\",\"dateModified\":\"2024-12-16T11:22:27+00:00\",\"description\":\"Travel from Porto to other Portuguese cities and, enjoy an amazing private tour or small-groups daily tours with our team\",\"breadcrumb\":{\"@id\":\"https:\\\/\\\/oportoguias.com\\\/en\\\/from-porto-to-other-cities\\\/#breadcrumb\"},\"inLanguage\":\"en-US\",\"potentialAction\":[{\"@type\":\"ReadAction\",\"target\":[\"https:\\\/\\\/oportoguias.com\\\/en\\\/from-porto-to-other-cities\\\/\"]}]},{\"@type\":\"BreadcrumbList\",\"@id\":\"https:\\\/\\\/oportoguias.com\\\/en\\\/from-porto-to-other-cities\\\/#breadcrumb\",\"itemListElement\":[{\"@type\":\"ListItem\",\"position\":1,\"name\":\"Portada\",\"item\":\"https:\\\/\\\/oportoguias.com\\\/en\\\/\"},{\"@type\":\"ListItem\",\"position\":2,\"name\":\"From Porto to other cities\"}]},{\"@type\":\"WebSite\",\"@id\":\"https:\\\/\\\/oportoguias.com\\\/en\\\/#website\",\"url\":\"https:\\\/\\\/oportoguias.com\\\/en\\\/\",\"name\":\"Oporto Gu\u00edas y Tours\",\"description\":\"Oporto Gu\u00edas y Tours en espa\u00f1ol ofrece experiencias y actividades para disfrutar al m\u00e1ximo la ciudad durante tu visita\",\"publisher\":{\"@id\":\"https:\\\/\\\/oportoguias.com\\\/en\\\/#organization\"},\"potentialAction\":[{\"@type\":\"SearchAction\",\"target\":{\"@type\":\"EntryPoint\",\"urlTemplate\":\"https:\\\/\\\/oportoguias.com\\\/en\\\/?s={search_term_string}\"},\"query-input\":{\"@type\":\"PropertyValueSpecification\",\"valueRequired\":true,\"valueName\":\"search_term_string\"}}],\"inLanguage\":\"en-US\"},{\"@type\":\"Organization\",\"@id\":\"https:\\\/\\\/oportoguias.com\\\/en\\\/#organization\",\"name\":\"Oporto Gu\u00edas y Tours\",\"url\":\"https:\\\/\\\/oportoguias.com\\\/en\\\/\",\"logo\":{\"@type\":\"ImageObject\",\"inLanguage\":\"en-US\",\"@id\":\"https:\\\/\\\/oportoguias.com\\\/en\\\/#\\\/schema\\\/logo\\\/image\\\/\",\"url\":\"https:\\\/\\\/oportoguias.com\\\/wp-content\\\/uploads\\\/2022\\\/09\\\/Logo-horizontal-AGT-def-oporto_esp-1.jpg\",\"contentUrl\":\"https:\\\/\\\/oportoguias.com\\\/wp-content\\\/uploads\\\/2022\\\/09\\\/Logo-horizontal-AGT-def-oporto_esp-1.jpg\",\"width\":400,\"height\":120,\"caption\":\"Oporto Gu\u00edas y Tours\"},\"image\":{\"@id\":\"https:\\\/\\\/oportoguias.com\\\/en\\\/#\\\/schema\\\/logo\\\/image\\\/\"},\"sameAs\":[\"https:\\\/\\\/www.facebook.com\\\/oportoguias\",\"https:\\\/\\\/x.com\\\/AmsterdamGuias\",\"https:\\\/\\\/www.youtube.com\\\/channel\\\/UCZk3bP991BpbU5hXyqwT7yQ\",\"https:\\\/\\\/www.linkedin.com\\\/company\\\/guias-tours\\\/\",\"https:\\\/\\\/www.instagram.com\\\/oportoguias\\\/\",\"https:\\\/\\\/wa.me\\\/31689937548\"]}]}<\/script>\n<!-- \/ Yoast SEO plugin. -->","yoast_head_json":{"title":"From Porto to other Portuguese cities | Porto Guides &. Tours","description":"Travel from Porto to other Portuguese cities and, enjoy an amazing private tour or small-groups daily tours with our team","robots":{"index":"index","follow":"follow","max-snippet":"max-snippet:-1","max-image-preview":"max-image-preview:large","max-video-preview":"max-video-preview:-1"},"canonical":"https:\/\/oportoguias.com\/en\/from-porto-to-other-cities\/","og_locale":"en_US","og_type":"article","og_title":"From Porto to other Portuguese cities | Porto Guides &. Tours","og_description":"Travel from Porto to other Portuguese cities and, enjoy an amazing private tour or small-groups daily tours with our team","og_url":"https:\/\/oportoguias.com\/en\/from-porto-to-other-cities\/","og_site_name":"Oporto Gu\u00edas y Tours","article_publisher":"https:\/\/www.facebook.com\/oportoguias","article_modified_time":"2024-12-16T11:22:27+00:00","og_image":[{"url":"https:\/\/oportoguias.com\/wp-content\/uploads\/2024\/01\/Braga-300x300.jpg","type":"","width":"","height":""}],"twitter_card":"summary_large_image","twitter_image":"https:\/\/oportoguias.com\/wp-content\/uploads\/2024\/01\/Gimaraes.jpg","twitter_site":"@AmsterdamGuias","schema":{"@context":"https:\/\/schema.org","@graph":[{"@type":"WebPage","@id":"https:\/\/oportoguias.com\/en\/from-porto-to-other-cities\/","url":"https:\/\/oportoguias.com\/en\/from-porto-to-other-cities\/","name":"From Porto to other Portuguese cities | Porto Guides &. Tours","isPartOf":{"@id":"https:\/\/oportoguias.com\/en\/#website"},"datePublished":"2024-07-18T11:16:04+00:00","dateModified":"2024-12-16T11:22:27+00:00","description":"Travel from Porto to other Portuguese cities and, enjoy an amazing private tour or small-groups daily tours with our team","breadcrumb":{"@id":"https:\/\/oportoguias.com\/en\/from-porto-to-other-cities\/#breadcrumb"},"inLanguage":"en-US","potentialAction":[{"@type":"ReadAction","target":["https:\/\/oportoguias.com\/en\/from-porto-to-other-cities\/"]}]},{"@type":"BreadcrumbList","@id":"https:\/\/oportoguias.com\/en\/from-porto-to-other-cities\/#breadcrumb","itemListElement":[{"@type":"ListItem","position":1,"name":"Portada","item":"https:\/\/oportoguias.com\/en\/"},{"@type":"ListItem","position":2,"name":"From Porto to other cities"}]},{"@type":"WebSite","@id":"https:\/\/oportoguias.com\/en\/#website","url":"https:\/\/oportoguias.com\/en\/","name":"Oporto Gu\u00edas y Tours","description":"Oporto Gu\u00edas y Tours en espa\u00f1ol ofrece experiencias y actividades para disfrutar al m\u00e1ximo la ciudad durante tu visita","publisher":{"@id":"https:\/\/oportoguias.com\/en\/#organization"},"potentialAction":[{"@type":"SearchAction","target":{"@type":"EntryPoint","urlTemplate":"https:\/\/oportoguias.com\/en\/?s={search_term_string}"},"query-input":{"@type":"PropertyValueSpecification","valueRequired":true,"valueName":"search_term_string"}}],"inLanguage":"en-US"},{"@type":"Organization","@id":"https:\/\/oportoguias.com\/en\/#organization","name":"Oporto Gu\u00edas y Tours","url":"https:\/\/oportoguias.com\/en\/","logo":{"@type":"ImageObject","inLanguage":"en-US","@id":"https:\/\/oportoguias.com\/en\/#\/schema\/logo\/image\/","url":"https:\/\/oportoguias.com\/wp-content\/uploads\/2022\/09\/Logo-horizontal-AGT-def-oporto_esp-1.jpg","contentUrl":"https:\/\/oportoguias.com\/wp-content\/uploads\/2022\/09\/Logo-horizontal-AGT-def-oporto_esp-1.jpg","width":400,"height":120,"caption":"Oporto Gu\u00edas y Tours"},"image":{"@id":"https:\/\/oportoguias.com\/en\/#\/schema\/logo\/image\/"},"sameAs":["https:\/\/www.facebook.com\/oportoguias","https:\/\/x.com\/AmsterdamGuias","https:\/\/www.youtube.com\/channel\/UCZk3bP991BpbU5hXyqwT7yQ","https:\/\/www.linkedin.com\/company\/guias-tours\/","https:\/\/www.instagram.com\/oportoguias\/","https:\/\/wa.me\/31689937548"]}]}},"_links":{"self":[{"href":"https:\/\/oportoguias.com\/en\/wp-json\/wp\/v2\/pages\/1547","targetHints":{"allow":["GET"]}}],"collection":[{"href":"https:\/\/oportoguias.com\/en\/wp-json\/wp\/v2\/pages"}],"about":[{"href":"https:\/\/oportoguias.com\/en\/wp-json\/wp\/v2\/types\/page"}],"author":[{"embeddable":true,"href":"https:\/\/oportoguias.com\/en\/wp-json\/wp\/v2\/users\/1"}],"replies":[{"embeddable":true,"href":"https:\/\/oportoguias.com\/en\/wp-json\/wp\/v2\/comments?post=1547"}],"version-history":[{"count":1,"href":"https:\/\/oportoguias.com\/en\/wp-json\/wp\/v2\/pages\/1547\/revisions"}],"predecessor-version":[{"id":1710,"href":"https:\/\/oportoguias.com\/en\/wp-json\/wp\/v2\/pages\/1547\/revisions\/1710"}],"wp:attachment":[{"href":"https:\/\/oportoguias.com\/en\/wp-json\/wp\/v2\/media?parent=1547"}],"curies":[{"name":"wp","href":"https:\/\/api.w.org\/{rel}","templated":true}]}}