{"id":651,"date":"2022-10-07T09:51:32","date_gmt":"2022-10-07T09:51:32","guid":{"rendered":"https:\/\/oportoguias.com\/all-tours-in-porto\/"},"modified":"2023-03-13T12:59:52","modified_gmt":"2023-03-13T12:59:52","slug":"all-tours-in-porto","status":"publish","type":"page","link":"https:\/\/oportoguias.com\/en\/all-tours-in-porto\/","title":{"rendered":"All our Tours in Porto"},"content":{"rendered":"\t\t<div data-elementor-type=\"wp-page\" data-elementor-id=\"651\" class=\"elementor elementor-651 elementor-317\" data-elementor-post-type=\"page\">\n\t\t\t\t\t\t<section class=\"elementor-section elementor-top-section elementor-element elementor-element-ef686b4 elementor-section-full_width elementor-section-height-default elementor-section-height-default\" data-id=\"ef686b4\" data-element_type=\"section\" data-e-type=\"section\" data-settings=\"{&quot;background_background&quot;:&quot;classic&quot;}\">\n\t\t\t\t\t\t\t<div class=\"elementor-background-overlay\"><\/div>\n\t\t\t\t\t\t\t<div class=\"elementor-container elementor-column-gap-default\">\n\t\t\t\t\t<div class=\"elementor-column elementor-col-100 elementor-top-column elementor-element elementor-element-405ff35\" data-id=\"405ff35\" data-element_type=\"column\" data-e-type=\"column\" data-settings=\"{&quot;background_background&quot;:&quot;classic&quot;}\">\n\t\t\t<div class=\"elementor-widget-wrap elementor-element-populated\">\n\t\t\t\t\t\t\t<\/div>\n\t\t<\/div>\n\t\t\t\t\t<\/div>\n\t\t<\/section>\n\t\t\t\t<section class=\"elementor-section elementor-top-section elementor-element elementor-element-7ba6c8ac elementor-section-boxed elementor-section-height-default elementor-section-height-default\" data-id=\"7ba6c8ac\" data-element_type=\"section\" data-e-type=\"section\">\n\t\t\t\t\t\t<div class=\"elementor-container elementor-column-gap-default\">\n\t\t\t\t\t<div class=\"elementor-column elementor-col-100 elementor-top-column elementor-element elementor-element-7904e14f\" data-id=\"7904e14f\" data-element_type=\"column\" data-e-type=\"column\">\n\t\t\t<div class=\"elementor-widget-wrap elementor-element-populated\">\n\t\t\t\t\t\t<div class=\"elementor-element elementor-element-c821674 elementor-widget elementor-widget-text-editor\" data-id=\"c821674\" data-element_type=\"widget\" data-e-type=\"widget\" data-widget_type=\"text-editor.default\">\n\t\t\t\t<div class=\"elementor-widget-container\">\n\t\t\t\t\t\t\t\t\t<p>Take a look at all our tours in Porto in English, so that you don&#8217;t miss anything of this beautiful Portuguese city, the so-called <em>&#8220;Capital of the North&#8221;.<\/em><\/p>\n\t\t\t\t\t\t\t\t<\/div>\n\t\t\t\t<\/div>\n\t\t\t\t<div class=\"elementor-element elementor-element-58172bd1 elementor-widget elementor-widget-html\" data-id=\"58172bd1\" data-element_type=\"widget\" data-e-type=\"widget\" data-widget_type=\"html.default\">\n\t\t\t\t<div class=\"elementor-widget-container\">\n\t\t\t\t\t<script type=\"text\/javascript\" src=\"https:\/\/widgets.bokun.io\/assets\/javascripts\/apps\/build\/BokunWidgetsLoader.js?bookingChannelUUID=33a62eb7-52e9-4978-862b-376d36dd1a44\" async><\/script>\r\n     \r\n    <div class=\"bokunWidget\" data-src=\"https:\/\/widgets.bokun.io\/online-sales\/33a62eb7-52e9-4978-862b-376d36dd1a44\/product-list\/60567\"><\/div>\r\n    <noscript>Please enable javascript in your browser to book<\/noscript>\r\n\t\t\t\t<\/div>\n\t\t\t\t<\/div>\n\t\t\t\t<div class=\"elementor-element elementor-element-734520d elementor-widget elementor-widget-text-editor\" data-id=\"734520d\" data-element_type=\"widget\" data-e-type=\"widget\" data-widget_type=\"text-editor.default\">\n\t\t\t\t<div class=\"elementor-widget-container\">\n\t\t\t\t\t\t\t\t\t<h2>Tours in Porto<\/h2>\n<p>Choose one of our tours in English and discover the city of Porto like a local.<\/p>\n<p>The best way to start your visit to the Portuguese city is with a panoramic view of the historic center. Make the most of your stay in Portugal.<\/p>\n<p>We have all kinds of tours and activities that combine the main places of interest of the <em>&#8220;capital of the North&#8221;.<\/em><\/p>\n<p>Come and discover it!<\/p>\n<h2>A different way to make a tour of Porto in Spanish<\/h2>\n<p>We adjust to your needs by combining a unique style of narration, with touches of humor and detailed information about the city. Walking tours, riverside walks or bike tours with a professional guide in English to discover every corner of Porto.<\/p>\n<p>Our range of activities is completed with excursions to different Portuguese cities.<\/p>\n<h2><a href=\"https:\/\/oportoguias.com\/en\/customized-private-tour\/\" target=\"_blank\" rel=\"noopener\">Tailor-made tours\u00a0<\/a><\/h2>\n<p>We design private and tailor-made tours for families, groups of friends or individuals, schools, business trips, or individuals. Always with a personalized service, adjusting the experience to your budget and interests.<\/p>\n<p>Our goal is to make your stay in Portugal unforgettable.<\/p>\n<h2>Discover all the secrets of Porto<\/h2>\n<p>Walk through the most crowded streets or the most unknown neighbourhoods of the city with our tours in Porto. Discover the best wineries in the city or walk through its parks and riversides. Go shopping or visit its museums. Eat in the best restaurants and enjoy its gastronomy in its local markets.<\/p>\n<p>The English-speaking guides of Porto <a href=\"https:\/\/guiasytours.com\/en\/\" target=\"_blank\" rel=\"noopener\">Guides &amp; Tours<\/a> will give you the best tips to make the most of your stay in the city.<\/p>\n<p>Start your tours with strangers and finish them with friends.<\/p>\n\t\t\t\t\t\t\t\t<\/div>\n\t\t\t\t<\/div>\n\t\t\t\t\t<\/div>\n\t\t<\/div>\n\t\t\t\t\t<\/div>\n\t\t<\/section>\n\t\t\t\t<\/div>\n\t\t","protected":false},"excerpt":{"rendered":"<p>Take a look at all our tours in Porto in English, so that you don&#8217;t miss anything of this beautiful Portuguese city, the so-called &#8220;Capital of the North&#8221;. Please enable javascript in your browser to book Tours in Porto Choose one of our tours in English and discover the city of Porto like a local. [&hellip;]<\/p>\n","protected":false},"author":1,"featured_media":0,"parent":0,"menu_order":0,"comment_status":"closed","ping_status":"closed","template":"","meta":{"_joinchat":[],"footnotes":""},"class_list":["post-651","page","type-page","status-publish","hentry"],"yoast_head":"<!-- This site is optimized with the Yoast SEO plugin v27.3 - https:\/\/yoast.com\/product\/yoast-seo-wordpress\/ -->\n<title>All our tours in Porto | Porto Guides and Tours<\/title>\n<meta name=\"description\" content=\"Take a look at our catalogue of experiences and tours in Porto, so you don&#039;t miss anything about this beautiful Portuguese city.\" \/>\n<meta name=\"robots\" content=\"index, follow, max-snippet:-1, max-image-preview:large, max-video-preview:-1\" \/>\n<link rel=\"canonical\" href=\"https:\/\/oportoguias.com\/en\/all-tours-in-porto\/\" \/>\n<meta property=\"og:locale\" content=\"en_US\" \/>\n<meta property=\"og:type\" content=\"article\" \/>\n<meta property=\"og:title\" content=\"All our tours in Porto | Porto Guides and Tours\" \/>\n<meta property=\"og:description\" content=\"Take a look at our catalogue of experiences and tours in Porto, so you don&#039;t miss anything about this beautiful Portuguese city.\" \/>\n<meta property=\"og:url\" content=\"https:\/\/oportoguias.com\/en\/all-tours-in-porto\/\" \/>\n<meta property=\"og:site_name\" content=\"Oporto Gu\u00edas y Tours\" \/>\n<meta property=\"article:publisher\" content=\"https:\/\/www.facebook.com\/oportoguias\" \/>\n<meta property=\"article:modified_time\" content=\"2023-03-13T12:59:52+00:00\" \/>\n<meta property=\"og:image\" content=\"https:\/\/oportoguias.com\/wp-content\/uploads\/2022\/10\/Oporto-Guias-Tours-categorias-2-1024x482.jpg\" \/>\n<meta name=\"twitter:card\" content=\"summary_large_image\" \/>\n<meta name=\"twitter:image\" content=\"https:\/\/oportoguias.com\/wp-content\/uploads\/2022\/10\/Oporto-Guias-Tours-categorias-2-1024x482.jpg\" \/>\n<meta name=\"twitter:site\" content=\"@AmsterdamGuias\" \/>\n<meta name=\"twitter:label1\" content=\"Est. reading time\" \/>\n\t<meta name=\"twitter:data1\" content=\"2 minutes\" \/>\n<script type=\"application\/ld+json\" class=\"yoast-schema-graph\">{\"@context\":\"https:\\\/\\\/schema.org\",\"@graph\":[{\"@type\":\"WebPage\",\"@id\":\"https:\\\/\\\/oportoguias.com\\\/en\\\/all-tours-in-porto\\\/\",\"url\":\"https:\\\/\\\/oportoguias.com\\\/en\\\/all-tours-in-porto\\\/\",\"name\":\"All our tours in Porto | Porto Guides and Tours\",\"isPartOf\":{\"@id\":\"https:\\\/\\\/oportoguias.com\\\/en\\\/#website\"},\"datePublished\":\"2022-10-07T09:51:32+00:00\",\"dateModified\":\"2023-03-13T12:59:52+00:00\",\"description\":\"Take a look at our catalogue of experiences and tours in Porto, so you don't miss anything about this beautiful Portuguese city.\",\"breadcrumb\":{\"@id\":\"https:\\\/\\\/oportoguias.com\\\/en\\\/all-tours-in-porto\\\/#breadcrumb\"},\"inLanguage\":\"en-US\",\"potentialAction\":[{\"@type\":\"ReadAction\",\"target\":[\"https:\\\/\\\/oportoguias.com\\\/en\\\/all-tours-in-porto\\\/\"]}]},{\"@type\":\"BreadcrumbList\",\"@id\":\"https:\\\/\\\/oportoguias.com\\\/en\\\/all-tours-in-porto\\\/#breadcrumb\",\"itemListElement\":[{\"@type\":\"ListItem\",\"position\":1,\"name\":\"Portada\",\"item\":\"https:\\\/\\\/oportoguias.com\\\/en\\\/\"},{\"@type\":\"ListItem\",\"position\":2,\"name\":\"All our Tours in Porto\"}]},{\"@type\":\"WebSite\",\"@id\":\"https:\\\/\\\/oportoguias.com\\\/en\\\/#website\",\"url\":\"https:\\\/\\\/oportoguias.com\\\/en\\\/\",\"name\":\"Oporto Gu\u00edas y Tours\",\"description\":\"Oporto Gu\u00edas y Tours en espa\u00f1ol ofrece experiencias y actividades para disfrutar al m\u00e1ximo la ciudad durante tu visita\",\"publisher\":{\"@id\":\"https:\\\/\\\/oportoguias.com\\\/en\\\/#organization\"},\"potentialAction\":[{\"@type\":\"SearchAction\",\"target\":{\"@type\":\"EntryPoint\",\"urlTemplate\":\"https:\\\/\\\/oportoguias.com\\\/en\\\/?s={search_term_string}\"},\"query-input\":{\"@type\":\"PropertyValueSpecification\",\"valueRequired\":true,\"valueName\":\"search_term_string\"}}],\"inLanguage\":\"en-US\"},{\"@type\":\"Organization\",\"@id\":\"https:\\\/\\\/oportoguias.com\\\/en\\\/#organization\",\"name\":\"Oporto Gu\u00edas y Tours\",\"url\":\"https:\\\/\\\/oportoguias.com\\\/en\\\/\",\"logo\":{\"@type\":\"ImageObject\",\"inLanguage\":\"en-US\",\"@id\":\"https:\\\/\\\/oportoguias.com\\\/en\\\/#\\\/schema\\\/logo\\\/image\\\/\",\"url\":\"https:\\\/\\\/oportoguias.com\\\/wp-content\\\/uploads\\\/2022\\\/09\\\/Logo-horizontal-AGT-def-oporto_esp-1.jpg\",\"contentUrl\":\"https:\\\/\\\/oportoguias.com\\\/wp-content\\\/uploads\\\/2022\\\/09\\\/Logo-horizontal-AGT-def-oporto_esp-1.jpg\",\"width\":400,\"height\":120,\"caption\":\"Oporto Gu\u00edas y Tours\"},\"image\":{\"@id\":\"https:\\\/\\\/oportoguias.com\\\/en\\\/#\\\/schema\\\/logo\\\/image\\\/\"},\"sameAs\":[\"https:\\\/\\\/www.facebook.com\\\/oportoguias\",\"https:\\\/\\\/x.com\\\/AmsterdamGuias\",\"https:\\\/\\\/www.youtube.com\\\/channel\\\/UCZk3bP991BpbU5hXyqwT7yQ\",\"https:\\\/\\\/www.linkedin.com\\\/company\\\/guias-tours\\\/\",\"https:\\\/\\\/www.instagram.com\\\/oportoguias\\\/\",\"https:\\\/\\\/wa.me\\\/31689937548\"]}]}<\/script>\n<!-- \/ Yoast SEO plugin. -->","yoast_head_json":{"title":"All our tours in Porto | Porto Guides and Tours","description":"Take a look at our catalogue of experiences and tours in Porto, so you don't miss anything about this beautiful Portuguese city.","robots":{"index":"index","follow":"follow","max-snippet":"max-snippet:-1","max-image-preview":"max-image-preview:large","max-video-preview":"max-video-preview:-1"},"canonical":"https:\/\/oportoguias.com\/en\/all-tours-in-porto\/","og_locale":"en_US","og_type":"article","og_title":"All our tours in Porto | Porto Guides and Tours","og_description":"Take a look at our catalogue of experiences and tours in Porto, so you don't miss anything about this beautiful Portuguese city.","og_url":"https:\/\/oportoguias.com\/en\/all-tours-in-porto\/","og_site_name":"Oporto Gu\u00edas y Tours","article_publisher":"https:\/\/www.facebook.com\/oportoguias","article_modified_time":"2023-03-13T12:59:52+00:00","og_image":[{"url":"https:\/\/oportoguias.com\/wp-content\/uploads\/2022\/10\/Oporto-Guias-Tours-categorias-2-1024x482.jpg","type":"","width":"","height":""}],"twitter_card":"summary_large_image","twitter_image":"https:\/\/oportoguias.com\/wp-content\/uploads\/2022\/10\/Oporto-Guias-Tours-categorias-2-1024x482.jpg","twitter_site":"@AmsterdamGuias","twitter_misc":{"Est. reading time":"2 minutes"},"schema":{"@context":"https:\/\/schema.org","@graph":[{"@type":"WebPage","@id":"https:\/\/oportoguias.com\/en\/all-tours-in-porto\/","url":"https:\/\/oportoguias.com\/en\/all-tours-in-porto\/","name":"All our tours in Porto | Porto Guides and Tours","isPartOf":{"@id":"https:\/\/oportoguias.com\/en\/#website"},"datePublished":"2022-10-07T09:51:32+00:00","dateModified":"2023-03-13T12:59:52+00:00","description":"Take a look at our catalogue of experiences and tours in Porto, so you don't miss anything about this beautiful Portuguese city.","breadcrumb":{"@id":"https:\/\/oportoguias.com\/en\/all-tours-in-porto\/#breadcrumb"},"inLanguage":"en-US","potentialAction":[{"@type":"ReadAction","target":["https:\/\/oportoguias.com\/en\/all-tours-in-porto\/"]}]},{"@type":"BreadcrumbList","@id":"https:\/\/oportoguias.com\/en\/all-tours-in-porto\/#breadcrumb","itemListElement":[{"@type":"ListItem","position":1,"name":"Portada","item":"https:\/\/oportoguias.com\/en\/"},{"@type":"ListItem","position":2,"name":"All our Tours in Porto"}]},{"@type":"WebSite","@id":"https:\/\/oportoguias.com\/en\/#website","url":"https:\/\/oportoguias.com\/en\/","name":"Oporto Gu\u00edas y Tours","description":"Oporto Gu\u00edas y Tours en espa\u00f1ol ofrece experiencias y actividades para disfrutar al m\u00e1ximo la ciudad durante tu visita","publisher":{"@id":"https:\/\/oportoguias.com\/en\/#organization"},"potentialAction":[{"@type":"SearchAction","target":{"@type":"EntryPoint","urlTemplate":"https:\/\/oportoguias.com\/en\/?s={search_term_string}"},"query-input":{"@type":"PropertyValueSpecification","valueRequired":true,"valueName":"search_term_string"}}],"inLanguage":"en-US"},{"@type":"Organization","@id":"https:\/\/oportoguias.com\/en\/#organization","name":"Oporto Gu\u00edas y Tours","url":"https:\/\/oportoguias.com\/en\/","logo":{"@type":"ImageObject","inLanguage":"en-US","@id":"https:\/\/oportoguias.com\/en\/#\/schema\/logo\/image\/","url":"https:\/\/oportoguias.com\/wp-content\/uploads\/2022\/09\/Logo-horizontal-AGT-def-oporto_esp-1.jpg","contentUrl":"https:\/\/oportoguias.com\/wp-content\/uploads\/2022\/09\/Logo-horizontal-AGT-def-oporto_esp-1.jpg","width":400,"height":120,"caption":"Oporto Gu\u00edas y Tours"},"image":{"@id":"https:\/\/oportoguias.com\/en\/#\/schema\/logo\/image\/"},"sameAs":["https:\/\/www.facebook.com\/oportoguias","https:\/\/x.com\/AmsterdamGuias","https:\/\/www.youtube.com\/channel\/UCZk3bP991BpbU5hXyqwT7yQ","https:\/\/www.linkedin.com\/company\/guias-tours\/","https:\/\/www.instagram.com\/oportoguias\/","https:\/\/wa.me\/31689937548"]}]}},"_links":{"self":[{"href":"https:\/\/oportoguias.com\/en\/wp-json\/wp\/v2\/pages\/651","targetHints":{"allow":["GET"]}}],"collection":[{"href":"https:\/\/oportoguias.com\/en\/wp-json\/wp\/v2\/pages"}],"about":[{"href":"https:\/\/oportoguias.com\/en\/wp-json\/wp\/v2\/types\/page"}],"author":[{"embeddable":true,"href":"https:\/\/oportoguias.com\/en\/wp-json\/wp\/v2\/users\/1"}],"replies":[{"embeddable":true,"href":"https:\/\/oportoguias.com\/en\/wp-json\/wp\/v2\/comments?post=651"}],"version-history":[{"count":0,"href":"https:\/\/oportoguias.com\/en\/wp-json\/wp\/v2\/pages\/651\/revisions"}],"wp:attachment":[{"href":"https:\/\/oportoguias.com\/en\/wp-json\/wp\/v2\/media?parent=651"}],"curies":[{"name":"wp","href":"https:\/\/api.w.org\/{rel}","templated":true}]}}