{"id":653,"date":"2022-10-08T07:47:18","date_gmt":"2022-10-08T07:47:18","guid":{"rendered":"https:\/\/oportoguias.com\/porto-private-tours\/"},"modified":"2024-07-18T17:04:52","modified_gmt":"2024-07-18T17:04:52","slug":"porto-private-tours","status":"publish","type":"page","link":"https:\/\/oportoguias.com\/en\/porto-private-tours\/","title":{"rendered":"Porto Private Tours"},"content":{"rendered":"\t\t<div data-elementor-type=\"wp-page\" data-elementor-id=\"653\" class=\"elementor elementor-653 elementor-400\" data-elementor-post-type=\"page\">\n\t\t\t\t\t\t<section class=\"elementor-section elementor-top-section elementor-element elementor-element-35a498c elementor-section-full_width elementor-section-height-default elementor-section-height-default\" data-id=\"35a498c\" data-element_type=\"section\" data-e-type=\"section\" data-settings=\"{&quot;background_background&quot;:&quot;classic&quot;}\">\n\t\t\t\t\t\t\t<div class=\"elementor-background-overlay\"><\/div>\n\t\t\t\t\t\t\t<div class=\"elementor-container elementor-column-gap-default\">\n\t\t\t\t\t<div class=\"elementor-column elementor-col-100 elementor-top-column elementor-element elementor-element-15fb6ad\" data-id=\"15fb6ad\" data-element_type=\"column\" data-e-type=\"column\" data-settings=\"{&quot;background_background&quot;:&quot;classic&quot;}\">\n\t\t\t<div class=\"elementor-widget-wrap elementor-element-populated\">\n\t\t\t\t\t\t\t<\/div>\n\t\t<\/div>\n\t\t\t\t\t<\/div>\n\t\t<\/section>\n\t\t\t\t<section class=\"elementor-section elementor-top-section elementor-element elementor-element-ec0e0d1 elementor-section-boxed elementor-section-height-default elementor-section-height-default\" data-id=\"ec0e0d1\" data-element_type=\"section\" data-e-type=\"section\">\n\t\t\t\t\t\t<div class=\"elementor-container elementor-column-gap-default\">\n\t\t\t\t\t<div class=\"elementor-column elementor-col-100 elementor-top-column elementor-element elementor-element-8501040\" data-id=\"8501040\" data-element_type=\"column\" data-e-type=\"column\">\n\t\t\t<div class=\"elementor-widget-wrap elementor-element-populated\">\n\t\t\t\t\t\t<div class=\"elementor-element elementor-element-a69b7b1 elementor-widget elementor-widget-text-editor\" data-id=\"a69b7b1\" data-element_type=\"widget\" data-e-type=\"widget\" data-widget_type=\"text-editor.default\">\n\t\t\t\t<div class=\"elementor-widget-container\">\n\t\t\t\t\t\t\t\t\t<p>Whether you are travelling alone or in a group, whether it is a school trip or a company trip, our Porto private tours are the perfect option to tailor your experience to suit you, visiting what you are most interested in and at your own pace.<\/p>\n\t\t\t\t\t\t\t\t<\/div>\n\t\t\t\t<\/div>\n\t\t\t\t<div class=\"elementor-element elementor-element-5115c27 elementor-widget elementor-widget-html\" data-id=\"5115c27\" data-element_type=\"widget\" data-e-type=\"widget\" data-widget_type=\"html.default\">\n\t\t\t\t<div class=\"elementor-widget-container\">\n\t\t\t\t\t<script type=\"text\/javascript\" src=\"https:\/\/widgets.bokun.io\/assets\/javascripts\/apps\/build\/BokunWidgetsLoader.js?bookingChannelUUID=c161622b-ec0f-4a1d-a3ae-398b7f5329f0\" async><\/script>\r\n     \r\n    <div class=\"bokunWidget\" data-src=\"https:\/\/widgets.bokun.io\/online-sales\/c161622b-ec0f-4a1d-a3ae-398b7f5329f0\/product-list\/78803\"><\/div>\r\n    <noscript>Please enable javascript in your browser to book<\/noscript>\t\t\t\t<\/div>\n\t\t\t\t<\/div>\n\t\t\t\t<div class=\"elementor-element elementor-element-3b4bb72 elementor-widget elementor-widget-text-editor\" data-id=\"3b4bb72\" data-element_type=\"widget\" data-e-type=\"widget\" data-widget_type=\"text-editor.default\">\n\t\t\t\t<div class=\"elementor-widget-container\">\n\t\t\t\t\t\t\t\t\t<h2><span style=\"color: #333399;\">Portugal and Porto Private Tours<\/span><\/h2>\r\nDiscover Porto and its surroundings at your own pace.\r\n\r\nSometimes group tours do not adapt to your schedule, or do not visit that specific and unique place you heard about from someone who has already visited the city. Don&#8217;t hesitate, to contact us, and we will advise you to make your private tour unforgettable.\r\n<h2><span style=\"color: #333399;\">Decide how you want to visit Porto<\/span><\/h2>\r\nThe possibilities are now endless, and you have the power to choose what to see, how to see it, and for how long.\r\n\r\nFrom a one-day stopover in the city to a complete holiday in Portugal.\r\n\r\nWhen you book a private tour, your guide is tailored to your needs. Start with a historical tour and finish with an afternoon of shopping in the city&#8217;s most exclusive shops. Or, for example, visit the local wine cellars and the Duoro riverside area.\r\n\r\nIf instead of a typical tour you prefer to walk around Porto, our English-speaking guides will accompany you and answer all your questions and doubts.\r\n\r\nRelax and let yourself be guided through the streets of one of the most charming European cities. In addition, the option of taking a private tour in Porto allows you to visit places that are not accessible or not included in pre-designed tours.\r\n<h2><span style=\"color: #333399;\">Design your own tours of Porto and Portugal<\/span><\/h2>\r\nDoes one of our group tours appeal to you, but you prefer to do it with a guide just for you?\r\n\r\nDo you need a personalised experience over several days?\r\n\r\nDo you want to enjoy your holiday at your own pace?\r\n\r\nThen one of our Porto private tours are the best option for you.\r\n\r\n<a href=\"https:\/\/oportoguias.com\/en\/contact\/\" target=\"_blank\" rel=\"noopener\">Contact us,<\/a> and<a href=\"https:\/\/guiasytours.com\/en\/\" target=\"_blank\" rel=\"noopener\"> Guides &amp; Tours<\/a> will help you design your visit!\t\t\t\t\t\t\t\t<\/div>\n\t\t\t\t<\/div>\n\t\t\t\t\t<\/div>\n\t\t<\/div>\n\t\t\t\t\t<\/div>\n\t\t<\/section>\n\t\t\t\t<\/div>\n\t\t","protected":false},"excerpt":{"rendered":"<p>Whether you are travelling alone or in a group, whether it is a school trip or a company trip, our Porto private tours are the perfect option to tailor your experience to suit you, visiting what you are most interested in and at your own pace. Please enable javascript in your browser to book Portugal [&hellip;]<\/p>\n","protected":false},"author":1,"featured_media":0,"parent":0,"menu_order":0,"comment_status":"closed","ping_status":"closed","template":"","meta":{"_joinchat":[],"footnotes":""},"class_list":["post-653","page","type-page","status-publish","hentry"],"yoast_head":"<!-- This site is optimized with the Yoast SEO plugin v27.3 - https:\/\/yoast.com\/product\/yoast-seo-wordpress\/ -->\n<title>Porto Private Tours in English | Porto Guides &amp; Tours<\/title>\n<meta name=\"description\" content=\"Whether you are travelling alone, as a couple, or with your family... Our Porto private tours are the best option to see what interests you most and at your own pace.\" \/>\n<meta name=\"robots\" content=\"index, follow, max-snippet:-1, max-image-preview:large, max-video-preview:-1\" \/>\n<link rel=\"canonical\" href=\"https:\/\/oportoguias.com\/en\/porto-private-tours\/\" \/>\n<meta property=\"og:locale\" content=\"en_US\" \/>\n<meta property=\"og:type\" content=\"article\" \/>\n<meta property=\"og:title\" content=\"Porto Private Tours in English | Porto Guides &amp; Tours\" \/>\n<meta property=\"og:description\" content=\"Whether you are travelling alone, as a couple, or with your family... Our Porto private tours are the best option to see what interests you most and at your own pace.\" \/>\n<meta property=\"og:url\" content=\"https:\/\/oportoguias.com\/en\/porto-private-tours\/\" \/>\n<meta property=\"og:site_name\" content=\"Oporto Gu\u00edas y Tours\" \/>\n<meta property=\"article:publisher\" content=\"https:\/\/www.facebook.com\/oportoguias\" \/>\n<meta property=\"article:modified_time\" content=\"2024-07-18T17:04:52+00:00\" \/>\n<meta property=\"og:image\" content=\"https:\/\/oportoguias.com\/wp-content\/uploads\/2022\/09\/porto-portugal-skyline-2021-08-26-18-13-00-utc-1-1-1024x587.jpg\" \/>\n<meta name=\"twitter:card\" content=\"summary_large_image\" \/>\n<meta name=\"twitter:image\" content=\"https:\/\/oportoguias.com\/wp-content\/uploads\/2022\/09\/porto-portugal-skyline-2021-08-26-18-13-00-utc-1-1-1024x587.jpg\" \/>\n<meta name=\"twitter:site\" content=\"@AmsterdamGuias\" \/>\n<meta name=\"twitter:label1\" content=\"Est. reading time\" \/>\n\t<meta name=\"twitter:data1\" content=\"2 minutes\" \/>\n<script type=\"application\/ld+json\" class=\"yoast-schema-graph\">{\"@context\":\"https:\\\/\\\/schema.org\",\"@graph\":[{\"@type\":\"WebPage\",\"@id\":\"https:\\\/\\\/oportoguias.com\\\/en\\\/porto-private-tours\\\/\",\"url\":\"https:\\\/\\\/oportoguias.com\\\/en\\\/porto-private-tours\\\/\",\"name\":\"Porto Private Tours in English | Porto Guides & Tours\",\"isPartOf\":{\"@id\":\"https:\\\/\\\/oportoguias.com\\\/en\\\/#website\"},\"datePublished\":\"2022-10-08T07:47:18+00:00\",\"dateModified\":\"2024-07-18T17:04:52+00:00\",\"description\":\"Whether you are travelling alone, as a couple, or with your family... Our Porto private tours are the best option to see what interests you most and at your own pace.\",\"breadcrumb\":{\"@id\":\"https:\\\/\\\/oportoguias.com\\\/en\\\/porto-private-tours\\\/#breadcrumb\"},\"inLanguage\":\"en-US\",\"potentialAction\":[{\"@type\":\"ReadAction\",\"target\":[\"https:\\\/\\\/oportoguias.com\\\/en\\\/porto-private-tours\\\/\"]}]},{\"@type\":\"BreadcrumbList\",\"@id\":\"https:\\\/\\\/oportoguias.com\\\/en\\\/porto-private-tours\\\/#breadcrumb\",\"itemListElement\":[{\"@type\":\"ListItem\",\"position\":1,\"name\":\"Portada\",\"item\":\"https:\\\/\\\/oportoguias.com\\\/en\\\/\"},{\"@type\":\"ListItem\",\"position\":2,\"name\":\"Porto Private Tours\"}]},{\"@type\":\"WebSite\",\"@id\":\"https:\\\/\\\/oportoguias.com\\\/en\\\/#website\",\"url\":\"https:\\\/\\\/oportoguias.com\\\/en\\\/\",\"name\":\"Oporto Gu\u00edas y Tours\",\"description\":\"Oporto Gu\u00edas y Tours en espa\u00f1ol ofrece experiencias y actividades para disfrutar al m\u00e1ximo la ciudad durante tu visita\",\"publisher\":{\"@id\":\"https:\\\/\\\/oportoguias.com\\\/en\\\/#organization\"},\"potentialAction\":[{\"@type\":\"SearchAction\",\"target\":{\"@type\":\"EntryPoint\",\"urlTemplate\":\"https:\\\/\\\/oportoguias.com\\\/en\\\/?s={search_term_string}\"},\"query-input\":{\"@type\":\"PropertyValueSpecification\",\"valueRequired\":true,\"valueName\":\"search_term_string\"}}],\"inLanguage\":\"en-US\"},{\"@type\":\"Organization\",\"@id\":\"https:\\\/\\\/oportoguias.com\\\/en\\\/#organization\",\"name\":\"Oporto Gu\u00edas y Tours\",\"url\":\"https:\\\/\\\/oportoguias.com\\\/en\\\/\",\"logo\":{\"@type\":\"ImageObject\",\"inLanguage\":\"en-US\",\"@id\":\"https:\\\/\\\/oportoguias.com\\\/en\\\/#\\\/schema\\\/logo\\\/image\\\/\",\"url\":\"https:\\\/\\\/oportoguias.com\\\/wp-content\\\/uploads\\\/2022\\\/09\\\/Logo-horizontal-AGT-def-oporto_esp-1.jpg\",\"contentUrl\":\"https:\\\/\\\/oportoguias.com\\\/wp-content\\\/uploads\\\/2022\\\/09\\\/Logo-horizontal-AGT-def-oporto_esp-1.jpg\",\"width\":400,\"height\":120,\"caption\":\"Oporto Gu\u00edas y Tours\"},\"image\":{\"@id\":\"https:\\\/\\\/oportoguias.com\\\/en\\\/#\\\/schema\\\/logo\\\/image\\\/\"},\"sameAs\":[\"https:\\\/\\\/www.facebook.com\\\/oportoguias\",\"https:\\\/\\\/x.com\\\/AmsterdamGuias\",\"https:\\\/\\\/www.youtube.com\\\/channel\\\/UCZk3bP991BpbU5hXyqwT7yQ\",\"https:\\\/\\\/www.linkedin.com\\\/company\\\/guias-tours\\\/\",\"https:\\\/\\\/www.instagram.com\\\/oportoguias\\\/\",\"https:\\\/\\\/wa.me\\\/31689937548\"]}]}<\/script>\n<!-- \/ Yoast SEO plugin. -->","yoast_head_json":{"title":"Porto Private Tours in English | Porto Guides & Tours","description":"Whether you are travelling alone, as a couple, or with your family... Our Porto private tours are the best option to see what interests you most and at your own pace.","robots":{"index":"index","follow":"follow","max-snippet":"max-snippet:-1","max-image-preview":"max-image-preview:large","max-video-preview":"max-video-preview:-1"},"canonical":"https:\/\/oportoguias.com\/en\/porto-private-tours\/","og_locale":"en_US","og_type":"article","og_title":"Porto Private Tours in English | Porto Guides & Tours","og_description":"Whether you are travelling alone, as a couple, or with your family... Our Porto private tours are the best option to see what interests you most and at your own pace.","og_url":"https:\/\/oportoguias.com\/en\/porto-private-tours\/","og_site_name":"Oporto Gu\u00edas y Tours","article_publisher":"https:\/\/www.facebook.com\/oportoguias","article_modified_time":"2024-07-18T17:04:52+00:00","og_image":[{"url":"https:\/\/oportoguias.com\/wp-content\/uploads\/2022\/09\/porto-portugal-skyline-2021-08-26-18-13-00-utc-1-1-1024x587.jpg","type":"","width":"","height":""}],"twitter_card":"summary_large_image","twitter_image":"https:\/\/oportoguias.com\/wp-content\/uploads\/2022\/09\/porto-portugal-skyline-2021-08-26-18-13-00-utc-1-1-1024x587.jpg","twitter_site":"@AmsterdamGuias","twitter_misc":{"Est. reading time":"2 minutes"},"schema":{"@context":"https:\/\/schema.org","@graph":[{"@type":"WebPage","@id":"https:\/\/oportoguias.com\/en\/porto-private-tours\/","url":"https:\/\/oportoguias.com\/en\/porto-private-tours\/","name":"Porto Private Tours in English | Porto Guides & Tours","isPartOf":{"@id":"https:\/\/oportoguias.com\/en\/#website"},"datePublished":"2022-10-08T07:47:18+00:00","dateModified":"2024-07-18T17:04:52+00:00","description":"Whether you are travelling alone, as a couple, or with your family... Our Porto private tours are the best option to see what interests you most and at your own pace.","breadcrumb":{"@id":"https:\/\/oportoguias.com\/en\/porto-private-tours\/#breadcrumb"},"inLanguage":"en-US","potentialAction":[{"@type":"ReadAction","target":["https:\/\/oportoguias.com\/en\/porto-private-tours\/"]}]},{"@type":"BreadcrumbList","@id":"https:\/\/oportoguias.com\/en\/porto-private-tours\/#breadcrumb","itemListElement":[{"@type":"ListItem","position":1,"name":"Portada","item":"https:\/\/oportoguias.com\/en\/"},{"@type":"ListItem","position":2,"name":"Porto Private Tours"}]},{"@type":"WebSite","@id":"https:\/\/oportoguias.com\/en\/#website","url":"https:\/\/oportoguias.com\/en\/","name":"Oporto Gu\u00edas y Tours","description":"Oporto Gu\u00edas y Tours en espa\u00f1ol ofrece experiencias y actividades para disfrutar al m\u00e1ximo la ciudad durante tu visita","publisher":{"@id":"https:\/\/oportoguias.com\/en\/#organization"},"potentialAction":[{"@type":"SearchAction","target":{"@type":"EntryPoint","urlTemplate":"https:\/\/oportoguias.com\/en\/?s={search_term_string}"},"query-input":{"@type":"PropertyValueSpecification","valueRequired":true,"valueName":"search_term_string"}}],"inLanguage":"en-US"},{"@type":"Organization","@id":"https:\/\/oportoguias.com\/en\/#organization","name":"Oporto Gu\u00edas y Tours","url":"https:\/\/oportoguias.com\/en\/","logo":{"@type":"ImageObject","inLanguage":"en-US","@id":"https:\/\/oportoguias.com\/en\/#\/schema\/logo\/image\/","url":"https:\/\/oportoguias.com\/wp-content\/uploads\/2022\/09\/Logo-horizontal-AGT-def-oporto_esp-1.jpg","contentUrl":"https:\/\/oportoguias.com\/wp-content\/uploads\/2022\/09\/Logo-horizontal-AGT-def-oporto_esp-1.jpg","width":400,"height":120,"caption":"Oporto Gu\u00edas y Tours"},"image":{"@id":"https:\/\/oportoguias.com\/en\/#\/schema\/logo\/image\/"},"sameAs":["https:\/\/www.facebook.com\/oportoguias","https:\/\/x.com\/AmsterdamGuias","https:\/\/www.youtube.com\/channel\/UCZk3bP991BpbU5hXyqwT7yQ","https:\/\/www.linkedin.com\/company\/guias-tours\/","https:\/\/www.instagram.com\/oportoguias\/","https:\/\/wa.me\/31689937548"]}]}},"_links":{"self":[{"href":"https:\/\/oportoguias.com\/en\/wp-json\/wp\/v2\/pages\/653","targetHints":{"allow":["GET"]}}],"collection":[{"href":"https:\/\/oportoguias.com\/en\/wp-json\/wp\/v2\/pages"}],"about":[{"href":"https:\/\/oportoguias.com\/en\/wp-json\/wp\/v2\/types\/page"}],"author":[{"embeddable":true,"href":"https:\/\/oportoguias.com\/en\/wp-json\/wp\/v2\/users\/1"}],"replies":[{"embeddable":true,"href":"https:\/\/oportoguias.com\/en\/wp-json\/wp\/v2\/comments?post=653"}],"version-history":[{"count":0,"href":"https:\/\/oportoguias.com\/en\/wp-json\/wp\/v2\/pages\/653\/revisions"}],"wp:attachment":[{"href":"https:\/\/oportoguias.com\/en\/wp-json\/wp\/v2\/media?parent=653"}],"curies":[{"name":"wp","href":"https:\/\/api.w.org\/{rel}","templated":true}]}}